{"id":422,"date":"2016-01-13T15:54:06","date_gmt":"2016-01-13T21:54:06","guid":{"rendered":"http:\/\/www.jameselkins.com\/pianofiles\/?page_id=422"},"modified":"2016-01-13T15:56:58","modified_gmt":"2016-01-13T21:56:58","slug":"salvatore-sciarrino-piano-sonatas-1976-1994","status":"publish","type":"page","link":"http:\/\/www.jameselkins.com\/pianofiles\/salvatore-sciarrino-piano-sonatas-1976-1994\/","title":{"rendered":"Salvatore Sciarrino, Piano Sonatas (1976 &#8211; 1994)"},"content":{"rendered":"<p><a href=\"http:\/\/www.jameselkins.com\/pianofiles\/wp-content\/uploads\/2014\/10\/Screen-Shot-2014-10-29-at-11.09.25-AM.jpg\"><img loading=\"lazy\" class=\"aligncenter wp-image-223 size-medium\" src=\"http:\/\/www.jameselkins.com\/pianofiles\/wp-content\/uploads\/2014\/10\/Screen-Shot-2014-10-29-at-11.09.25-AM-300x203.jpg\" alt=\"Screen Shot 2014-10-29 at 11.09.25 AM\" width=\"300\" height=\"203\" srcset=\"http:\/\/www.jameselkins.com\/pianofiles\/wp-content\/uploads\/2014\/10\/Screen-Shot-2014-10-29-at-11.09.25-AM-300x203.jpg 300w, http:\/\/www.jameselkins.com\/pianofiles\/wp-content\/uploads\/2014\/10\/Screen-Shot-2014-10-29-at-11.09.25-AM-1024x694.jpg 1024w, http:\/\/www.jameselkins.com\/pianofiles\/wp-content\/uploads\/2014\/10\/Screen-Shot-2014-10-29-at-11.09.25-AM.jpg 1342w\" sizes=\"(max-width: 300px) 100vw, 300px\" \/><\/a><a href=\"http:\/\/www.jameselkins.com\/pianofiles\/wp-content\/uploads\/2014\/10\/Screen-Shot-2014-10-29-at-11.10.27-AM.jpg\"><br \/>\n<\/a>The Sicilian composer Salvatore Sciarrino (b. 1947) has written\u00a0five piano sonatas, published together by <a href=\"http:\/\/www.ricordi.it\/catalogue\/composers\/salvatore-sciarrino\/\">Ricordi<\/a>. Most are to be played very quickly; the Third Sonata is marked\u00a0&#8220;as fast as possible.&#8221; One result is that\u00a0ornaments, for example sequences of grace notes, can seem slower and more articulated than\u00a0the passages they accompany, confusing the principal voice and its ornament. A precedent for this, and an influence here, is Stockhausen, especially perhaps the <em>Klavierst\u00fcck X:<\/em><\/p>\n<p><a href=\"http:\/\/www.jameselkins.com\/pianofiles\/wp-content\/uploads\/2014\/10\/Screen-Shot-2014-10-29-at-10.13.15-AM.jpg\"><img loading=\"lazy\" class=\"aligncenter size-large wp-image-219\" src=\"http:\/\/www.jameselkins.com\/pianofiles\/wp-content\/uploads\/2014\/10\/Screen-Shot-2014-10-29-at-10.13.15-AM-1024x685.jpg\" alt=\"Screen Shot 2014-10-29 at 10.13.15 AM\" width=\"474\" height=\"317\" srcset=\"http:\/\/www.jameselkins.com\/pianofiles\/wp-content\/uploads\/2014\/10\/Screen-Shot-2014-10-29-at-10.13.15-AM-1024x685.jpg 1024w, http:\/\/www.jameselkins.com\/pianofiles\/wp-content\/uploads\/2014\/10\/Screen-Shot-2014-10-29-at-10.13.15-AM-300x200.jpg 300w\" sizes=\"(max-width: 474px) 100vw, 474px\" \/><\/a><\/p>\n<p>Philosophically, the interesting possibility is that the music overturns the usual relation between structure and decoration, ground and figure, melody and\u00a0ornament. This isn&#8217;t the usual way of talking about Sciarrino&#8217;s work, because when it&#8217;s considered as an example of spectral music, what matters is the construction of sounds (harmonies, implied notes, timbres) and not the work&#8217;s structure considered in a conventional sense. Still, the notation itself raises the question of ground and figure.<\/p>\n<p>Sciarrino&#8217;s sonatas overturn the usual relation of structural element and optional decoration\u00a0in several different ways.<\/p>\n<p>A\u00a0first strategy is melting the usually articulated elements of the principal melodic or rhythmic elements into passages\u00a0of blurred or indistinguishable notes.<\/p>\n<p>None of the\u00a0five sonatas have easily playable portions. It would be possible to say they demand as much work as Boulez&#8217;s Second Sonata, except that the kind of work would be different. It is not clear what would count as an adequate performance of Sciarrino&#8217;s\u00a0First, Second, Third, or Fifth Sonatas, because so much of any performance is lost in a blur of notes. He himself indicates as much in some performance notes: for example some runs of sixty-fourth notes will be slower than others depending on the nature of the leaps. Note that he allows some passages to &#8220;melt into organic figures&#8221; comprised of &#8220;imperceptible&#8221; notes.<\/p>\n<p><img loading=\"lazy\" class=\"aligncenter size-large wp-image-226\" src=\"http:\/\/www.jameselkins.com\/pianofiles\/wp-content\/uploads\/2014\/10\/Screen-Shot-2014-10-29-at-11.11.39-AM-1024x653.jpg\" alt=\"Screen Shot 2014-10-29 at 11.11.39 AM\" width=\"474\" height=\"302\" srcset=\"http:\/\/www.jameselkins.com\/pianofiles\/wp-content\/uploads\/2014\/10\/Screen-Shot-2014-10-29-at-11.11.39-AM-1024x653.jpg 1024w, http:\/\/www.jameselkins.com\/pianofiles\/wp-content\/uploads\/2014\/10\/Screen-Shot-2014-10-29-at-11.11.39-AM-300x191.jpg 300w\" sizes=\"(max-width: 474px) 100vw, 474px\" \/><\/p>\n<p>The First Sonata is more conventionally annotated, with curving slurs reminiscent of Franco Donatoni&#8217;s piano pieces. But even here, the long passages\u00a0of grace notes can come out more articulated, and slower, than the surrounding full-size notes:<\/p>\n<p><img loading=\"lazy\" class=\"aligncenter size-large wp-image-224\" src=\"http:\/\/www.jameselkins.com\/pianofiles\/wp-content\/uploads\/2014\/10\/Screen-Shot-2014-10-29-at-11.10.27-AM-897x1024.jpg\" alt=\"Screen Shot 2014-10-29 at 11.10.27 AM\" width=\"474\" height=\"541\" srcset=\"http:\/\/www.jameselkins.com\/pianofiles\/wp-content\/uploads\/2014\/10\/Screen-Shot-2014-10-29-at-11.10.27-AM-897x1024.jpg 897w, http:\/\/www.jameselkins.com\/pianofiles\/wp-content\/uploads\/2014\/10\/Screen-Shot-2014-10-29-at-11.10.27-AM-262x300.jpg 262w, http:\/\/www.jameselkins.com\/pianofiles\/wp-content\/uploads\/2014\/10\/Screen-Shot-2014-10-29-at-11.10.27-AM.jpg 1576w\" sizes=\"(max-width: 474px) 100vw, 474px\" \/><\/p>\n<p>Trills can sometimes create a three-part hierarchy of sound: the grace notes are &#8220;slowest&#8221; and therefore easiest to hear\u00a0note by note; the trills are faster, but still audible note by note; and principal notes are generally blurred: an inversion of the usual relation.<br \/>\n<img loading=\"lazy\" class=\"aligncenter size-large wp-image-225\" src=\"http:\/\/www.jameselkins.com\/pianofiles\/wp-content\/uploads\/2014\/10\/Screen-Shot-2014-10-29-at-11.10.46-AM-1024x1009.jpg\" alt=\"Screen Shot 2014-10-29 at 11.10.46 AM\" width=\"474\" height=\"467\" srcset=\"http:\/\/www.jameselkins.com\/pianofiles\/wp-content\/uploads\/2014\/10\/Screen-Shot-2014-10-29-at-11.10.46-AM-1024x1009.jpg 1024w, http:\/\/www.jameselkins.com\/pianofiles\/wp-content\/uploads\/2014\/10\/Screen-Shot-2014-10-29-at-11.10.46-AM-300x295.jpg 300w, http:\/\/www.jameselkins.com\/pianofiles\/wp-content\/uploads\/2014\/10\/Screen-Shot-2014-10-29-at-11.10.46-AM.jpg 1528w\" sizes=\"(max-width: 474px) 100vw, 474px\" \/><\/p>\n<p>In the Third Sonata, most of the score is &#8220;ornament,&#8221; written in fine (light) ink, and it is interrupted by principal notes, written in bolder ink. Those interruptions, however, are themselves often in the form of <em>appoggiature<\/em> or <em>acciaccature<\/em>, so they seem like grace notes leading into melodies or rhythms that never appear. Some lead into quick sequences of louder chords, but many lead to nothing more than a continuation of the incessant leaping figures that comprise the principal material of the piece. It&#8217;s an inversion of figure and ground, ornament and melody, that is more thoroughgoing than Stockhausen&#8217;s. It&#8217;s this inversion that is, for me, the principal interest of several of the sonatas.<\/p>\n<p><img loading=\"lazy\" class=\"aligncenter size-large wp-image-227\" src=\"http:\/\/www.jameselkins.com\/pianofiles\/wp-content\/uploads\/2014\/10\/Screen-Shot-2014-10-29-at-11.12.13-AM-1024x856.jpg\" alt=\"Screen Shot 2014-10-29 at 11.12.13 AM\" width=\"474\" height=\"396\" srcset=\"http:\/\/www.jameselkins.com\/pianofiles\/wp-content\/uploads\/2014\/10\/Screen-Shot-2014-10-29-at-11.12.13-AM-1024x856.jpg 1024w, http:\/\/www.jameselkins.com\/pianofiles\/wp-content\/uploads\/2014\/10\/Screen-Shot-2014-10-29-at-11.12.13-AM-300x250.jpg 300w, http:\/\/www.jameselkins.com\/pianofiles\/wp-content\/uploads\/2014\/10\/Screen-Shot-2014-10-29-at-11.12.13-AM.jpg 1882w\" sizes=\"(max-width: 474px) 100vw, 474px\" \/><img loading=\"lazy\" class=\"aligncenter size-large wp-image-228\" src=\"http:\/\/www.jameselkins.com\/pianofiles\/wp-content\/uploads\/2014\/10\/Screen-Shot-2014-10-29-at-11.12.24-AM-1024x872.jpg\" alt=\"Screen Shot 2014-10-29 at 11.12.24 AM\" width=\"474\" height=\"403\" srcset=\"http:\/\/www.jameselkins.com\/pianofiles\/wp-content\/uploads\/2014\/10\/Screen-Shot-2014-10-29-at-11.12.24-AM-1024x872.jpg 1024w, http:\/\/www.jameselkins.com\/pianofiles\/wp-content\/uploads\/2014\/10\/Screen-Shot-2014-10-29-at-11.12.24-AM-300x255.jpg 300w, http:\/\/www.jameselkins.com\/pianofiles\/wp-content\/uploads\/2014\/10\/Screen-Shot-2014-10-29-at-11.12.24-AM.jpg 1912w\" sizes=\"(max-width: 474px) 100vw, 474px\" \/><\/p>\n<p>Of course this form of composition leaves many things undecided, for example the overall structure of the piece. I find the majority of Sciarrino&#8217;s sonatas unconvincing in terms of large-scale form. They propose intriguing structural ideas and possibilities, but it is not always easy to see if any larger structural form or sequence justifies their length.<\/p>\n<p>There are various accounts of\u00a0Sciarrino&#8217;s intentions. The <a href=\"http:\/\/en.wikipedia.org\/wiki\/Salvatore_Sciarrino\">English Wikipedia page<\/a> is, as usual, uninformative (and it sounds as if Sciarrino or a friend of his wrote it).\u00a0<em>Oxford Music Online<\/em>\u00a0has an <a href=\"http:\/\/www.oxfordmusiconline.com\/subscriber\/article\/grove\/music\/25228\">article<\/a> (which also sounds as if Sciarrino or a friend wrote it) that claims the Third Sonata<\/p>\n<blockquote><p>achieves a particular energy and density by the mutual interruption of parallel dimensions \u2013 a process described by <span class=\"hit highlight\">Sciarrino<\/span> as &#8220;windows form.&#8221;<\/p><\/blockquote>\n<p>These &#8220;parallel dimensions&#8221; are presumably (a) the chromatic clusters, which &#8220;have their own duration and weight&#8221;; (b) the principal passages of running figures, which have different speeds and levels of articulation but &#8220;melt&#8221; &#8220;imperceptibly&#8221; into one another; and (c) the boldface sequences of shorter notes, which aren&#8217;t mentioned in the performance notes but are clearly articulated in the score. &#8220;Windows form&#8221; is an interesting metaphor, because it is not clear which of the three breaks in order to give a view onto which of the others.<\/p>\n<p><img loading=\"lazy\" class=\"aligncenter size-large wp-image-229\" src=\"http:\/\/www.jameselkins.com\/pianofiles\/wp-content\/uploads\/2014\/10\/Screen-Shot-2014-10-29-at-11.12.44-AM-1024x881.jpg\" alt=\"Screen Shot 2014-10-29 at 11.12.44 AM\" width=\"474\" height=\"407\" srcset=\"http:\/\/www.jameselkins.com\/pianofiles\/wp-content\/uploads\/2014\/10\/Screen-Shot-2014-10-29-at-11.12.44-AM-1024x881.jpg 1024w, http:\/\/www.jameselkins.com\/pianofiles\/wp-content\/uploads\/2014\/10\/Screen-Shot-2014-10-29-at-11.12.44-AM-300x258.jpg 300w, http:\/\/www.jameselkins.com\/pianofiles\/wp-content\/uploads\/2014\/10\/Screen-Shot-2014-10-29-at-11.12.44-AM.jpg 1898w\" sizes=\"(max-width: 474px) 100vw, 474px\" \/><\/p>\n<p>In this way of conceiving music, the &#8220;imperceptible&#8221; &#8220;blurs&#8221; can proceed, by infinitesimal degrees, toward or away from the inaudible. the IRCAM site has an <a href=\"http:\/\/brahms.ircam.fr\/composers\/composer\/2926\/\">entry on Sciarrino<\/a> that emphasizes this:<\/p>\n<blockquote><p>Sa musique est intimiste, concentr\u00e9e et raffin\u00e9e, construite sur des principes de microvariations de structures sonores constitu\u00e9es de timbres recherch\u00e9s et de souffles. Il \u00e9labore un monde sonore transparent, rar\u00e9fi\u00e9 et proche du silence (ou du \u00ab\u00a0son z\u00e9ro\u00a0\u00bb qui, pour le compositeur, est d\u00e9j\u00e0 musique), un monde fait d\u2019une multitude de sons microscopiques, d\u2019un flot continu de bruits infimes, un monde sonore r\u00e9duit \u00e0 l\u2019essentiel.<\/p><\/blockquote>\n<p>A reduction to silence, or an emergence from silence to a continuum of different kinds of perceptibility, is another way of undermining the dichotomy between figure and ground, ornament and melody, grace note and principal note, decoration and structure.<\/p>\n<p>Sciarrino&#8217;s website has a helpful <a href=\"http:\/\/salvatoresciarrino.eu\/Data\/Sitografia.html\">page<\/a> of sources, which includes an essay relating Sciarrino to <a href=\"http:\/\/cim08.web.auth.gr\/cim08_papers\/Guerrasio-Palme\/Guerrasio-Palme.pdf\">Giordano Bruno&#8217;s theory of infinite worlds<\/a>, and an essay proposing that Sciarrino&#8217;s vocal music works at the level of the breath and the incipient sound as much as at the level of ordinary articulated speech:<\/p>\n<blockquote><p>La musica di Salvatore Sciarrino propone sempre pi\u00f9 la rivelazione di nuove prospettive d\u2019ascolto che accompagnano l\u2019ascoltatore in zone di fascinazione uditiva paradossalmente inaudite eppure riconducibili ad un ambiente percettivo, anche interiore e fisiologico, familiare e istintivamente noto. La scoperta delle potenzialit\u00e0 percettive di ogni evento sonoro, concepito nella sua globalit\u00e0 e non elaborato come somma di elementi grammaticali, \u00e8, probabilmente, il vero leitmotive della musica di Sciarrino, che procede dal momento dell\u2019atto, sia tecnico \u2013 musicale che fisiologico, della produzione del suono, al suono vero proprio che svelando gradualmente le proprie componenti, sia singolarmente, sia insieme ad altri eventi sonori, si propaga riverberandosi nell\u2019ambiente in cui questo suono viene prodotto.<\/p><\/blockquote>\n<p>I find these possibilities interesting but not always musically rewarding. Of the sonatas, I am most interested in the fourth, which does not participate in any of these ideas. It is, as the English-language Wikipedia says, &#8220;percussive.&#8221; Most of it is a simple, obsessively repeated structure of loud clusters at either end of the keyboard, alternating with sequences of three notes:<\/p>\n<p><img loading=\"lazy\" class=\"aligncenter size-large wp-image-231\" src=\"http:\/\/www.jameselkins.com\/pianofiles\/wp-content\/uploads\/2014\/10\/Screen-Shot-2014-10-29-at-11.13.34-AM-1024x938.jpg\" alt=\"Screen Shot 2014-10-29 at 11.13.34 AM\" width=\"474\" height=\"434\" srcset=\"http:\/\/www.jameselkins.com\/pianofiles\/wp-content\/uploads\/2014\/10\/Screen-Shot-2014-10-29-at-11.13.34-AM-1024x938.jpg 1024w, http:\/\/www.jameselkins.com\/pianofiles\/wp-content\/uploads\/2014\/10\/Screen-Shot-2014-10-29-at-11.13.34-AM-300x274.jpg 300w, http:\/\/www.jameselkins.com\/pianofiles\/wp-content\/uploads\/2014\/10\/Screen-Shot-2014-10-29-at-11.13.34-AM.jpg 1774w\" sizes=\"(max-width: 474px) 100vw, 474px\" \/><\/p>\n<p>Both the clusters and the sequences of three notes drift up and down the keyboard, creating fragments of melodies. Because the pattern is unremitting, it quickly becomes unclear whether the three-note sequences are upbeats to the clusters, or are to be heard as following the clusters. Every once in a while Sciarrino skips a beat or staggers the rhythm; those moments work as signals to the listener that there is, in fact, no steady rhythm, but only a principle of contrast.<\/p>\n<p><img loading=\"lazy\" class=\"aligncenter size-large wp-image-233\" src=\"http:\/\/www.jameselkins.com\/pianofiles\/wp-content\/uploads\/2014\/10\/Screen-Shot-2014-10-29-at-11.13.54-AM-1024x938.jpg\" alt=\"Screen Shot 2014-10-29 at 11.13.54 AM\" width=\"474\" height=\"434\" srcset=\"http:\/\/www.jameselkins.com\/pianofiles\/wp-content\/uploads\/2014\/10\/Screen-Shot-2014-10-29-at-11.13.54-AM-1024x938.jpg 1024w, http:\/\/www.jameselkins.com\/pianofiles\/wp-content\/uploads\/2014\/10\/Screen-Shot-2014-10-29-at-11.13.54-AM-300x274.jpg 300w, http:\/\/www.jameselkins.com\/pianofiles\/wp-content\/uploads\/2014\/10\/Screen-Shot-2014-10-29-at-11.13.54-AM.jpg 1772w\" sizes=\"(max-width: 474px) 100vw, 474px\" \/>\u00a0Or this passage, where a climax descends to a 7\/32 stagger, and then back into the rhythm:<\/p>\n<p><img loading=\"lazy\" class=\"aligncenter size-large wp-image-230\" src=\"http:\/\/www.jameselkins.com\/pianofiles\/wp-content\/uploads\/2014\/10\/Screen-Shot-2014-10-29-at-11.13.19-AM-1024x940.jpg\" alt=\"Screen Shot 2014-10-29 at 11.13.19 AM\" width=\"474\" height=\"435\" srcset=\"http:\/\/www.jameselkins.com\/pianofiles\/wp-content\/uploads\/2014\/10\/Screen-Shot-2014-10-29-at-11.13.19-AM-1024x940.jpg 1024w, http:\/\/www.jameselkins.com\/pianofiles\/wp-content\/uploads\/2014\/10\/Screen-Shot-2014-10-29-at-11.13.19-AM-300x275.jpg 300w, http:\/\/www.jameselkins.com\/pianofiles\/wp-content\/uploads\/2014\/10\/Screen-Shot-2014-10-29-at-11.13.19-AM.jpg 1770w\" sizes=\"(max-width: 474px) 100vw, 474px\" \/><\/p>\n<p>The Sonata ends with a dissection of the two elements and a reduction to silence:<\/p>\n<p><img loading=\"lazy\" class=\"aligncenter size-large wp-image-232\" src=\"http:\/\/www.jameselkins.com\/pianofiles\/wp-content\/uploads\/2014\/10\/Screen-Shot-2014-10-29-at-11.13.43-AM-1024x629.jpg\" alt=\"Screen Shot 2014-10-29 at 11.13.43 AM\" width=\"474\" height=\"291\" srcset=\"http:\/\/www.jameselkins.com\/pianofiles\/wp-content\/uploads\/2014\/10\/Screen-Shot-2014-10-29-at-11.13.43-AM-1024x629.jpg 1024w, http:\/\/www.jameselkins.com\/pianofiles\/wp-content\/uploads\/2014\/10\/Screen-Shot-2014-10-29-at-11.13.43-AM-300x184.jpg 300w, http:\/\/www.jameselkins.com\/pianofiles\/wp-content\/uploads\/2014\/10\/Screen-Shot-2014-10-29-at-11.13.43-AM.jpg 1782w\" sizes=\"(max-width: 474px) 100vw, 474px\" \/><\/p>\n<p>It&#8217;s an effective piece:\u00a0it reminds me of Galina Ustvolskaya in its uncompromising lack of interest in\u00a0ordinary temporal and dynamic variety.<\/p>\n<p>In terms of performance: none of these sonatas are playable without\u00a0serious\u00a0commitment. It does not help that Ricordi has presented them in a trim size that makes the notes nearly microscopic. None of the images I am reproducing here is the whole page: the score is 13&#8243; x 9&#8243;, with very small notes. That fact alone makes these sonatas\u00a0among the most rebarbative piano scores of the last hundred years.<\/p>\n","protected":false},"excerpt":{"rendered":"<p>The Sicilian composer Salvatore Sciarrino (b. 1947) has written\u00a0five piano sonatas, published together by Ricordi. Most are to be played &hellip;<\/p>\n","protected":false},"author":1,"featured_media":0,"parent":0,"menu_order":0,"comment_status":"closed","ping_status":"closed","template":"","meta":[],"_links":{"self":[{"href":"http:\/\/www.jameselkins.com\/pianofiles\/wp-json\/wp\/v2\/pages\/422"}],"collection":[{"href":"http:\/\/www.jameselkins.com\/pianofiles\/wp-json\/wp\/v2\/pages"}],"about":[{"href":"http:\/\/www.jameselkins.com\/pianofiles\/wp-json\/wp\/v2\/types\/page"}],"author":[{"embeddable":true,"href":"http:\/\/www.jameselkins.com\/pianofiles\/wp-json\/wp\/v2\/users\/1"}],"replies":[{"embeddable":true,"href":"http:\/\/www.jameselkins.com\/pianofiles\/wp-json\/wp\/v2\/comments?post=422"}],"version-history":[{"count":2,"href":"http:\/\/www.jameselkins.com\/pianofiles\/wp-json\/wp\/v2\/pages\/422\/revisions"}],"predecessor-version":[{"id":428,"href":"http:\/\/www.jameselkins.com\/pianofiles\/wp-json\/wp\/v2\/pages\/422\/revisions\/428"}],"wp:attachment":[{"href":"http:\/\/www.jameselkins.com\/pianofiles\/wp-json\/wp\/v2\/media?parent=422"}],"curies":[{"name":"wp","href":"https:\/\/api.w.org\/{rel}","templated":true}]}}