{"id":436,"date":"2016-01-13T16:03:20","date_gmt":"2016-01-13T22:03:20","guid":{"rendered":"http:\/\/www.jameselkins.com\/pianofiles\/?page_id=436"},"modified":"2016-01-13T16:04:06","modified_gmt":"2016-01-13T22:04:06","slug":"grotesque-album-for-piano-grotesken-album-edited-by-carl-seelig-1922","status":"publish","type":"page","link":"http:\/\/www.jameselkins.com\/pianofiles\/grotesque-album-for-piano-grotesken-album-edited-by-carl-seelig-1922\/","title":{"rendered":"\u201cGrotesque Album for Piano\u201d (\u201cGrotesken Album\u201d), edited by Carl Seelig (1922)"},"content":{"rendered":"<p><a href=\"http:\/\/www.jameselkins.com\/pianofiles\/wp-content\/uploads\/2014\/09\/Cover.jpg\"><img loading=\"lazy\" class=\"alignnone wp-image-110 size-large\" src=\"http:\/\/www.jameselkins.com\/pianofiles\/wp-content\/uploads\/2014\/09\/Cover-671x1024.jpg\" alt=\"Cover\" width=\"474\" height=\"723\" srcset=\"http:\/\/www.jameselkins.com\/pianofiles\/wp-content\/uploads\/2014\/09\/Cover-671x1024.jpg 671w, http:\/\/www.jameselkins.com\/pianofiles\/wp-content\/uploads\/2014\/09\/Cover-196x300.jpg 196w\" sizes=\"(max-width: 474px) 100vw, 474px\" \/><\/a><\/p>\n<p>There isn&#8217;t much about this very interesting collection that isn&#8217;t extremely obscure. I bought the English-language reprint, <em>Grotesque Album for Piano,<\/em> in the Juilliard Store in New York. The publisher,\u00a0Lauren, reprint &#8220;editions of rare and out-of-print music&#8221; and are distributed by C.F. Peters. No editor is named. The original edition (Universal, 1922) seems also to have had\u00a0a limited print run. Almost all the composers represented are obscure.<\/p>\n<p>The editor, Carl Seelig (1894-1962) was a friend of Robert Walser&#8217;s and Einstein&#8217;s, and author of nearly 300 publications, according to the\u00a0German- and English-language Wikipedia entries. This seems to be one of his few attempts at music criticism. His remarks, signed &#8220;Vienna, summer 1921,&#8221; open with the striking assertion that &#8220;the development of modern art quite clearly manifests the fact that every revolutionary moment unfailingly leads to experiments of a grotesque nature&#8221; (&#8220;Die Entwicklung der modernen Kunst zeigt mit scharfer Deutlichkeit, dass jede revolution\u00e4re Bewegung zu grotesken Versuchen f\u00fchrt&#8221;).<\/p>\n<p>When Seelig says &#8220;every revolutionary moment&#8221; gives rise to a period of grotesque &#8220;experiments,&#8221; he may\u00a0be thinking of mannerism, which was first studied in Vienna in the years he was writing;\u00a0but he is certainly thinking of contemporary writing (especially, perhaps, Walser&#8217;s), painting (especially Viennese expressionism), and cultural criticism (perhaps especially Karl Kraus). Still, it is difficult to know exactly what historical sequences Seelig\u00a0has in mind because he\u00a0traces &#8220;attempts&#8221; at the grotesque all the way back to Alessandro Poglietti, a composer who died in 1683 in Vienna, and who composed &#8220;oddities&#8221; and pieces with a &#8220;shrilly discordant effect.&#8221; Reading a draft of this text, the art historian Mark Haxthausen suggested Seelig was influenced by a\u00a0popular book by Wilhelm Michel, <a href=\"http:\/\/www.zvab.com\/buch-suchen\/titel\/das-teuflische-und-groteske\/autor\/michel\"><em>Das Teuflische und Groteske in der Kunst,<\/em><\/a> first published in 1911; he notes it\u00a0was in its 25th printing by 1919. &#8220;Grotesque&#8221; in criticism of expressionism, he says, wasn&#8217;t common; it would be interesting to know more about\u00a0Seelig&#8217;s, Michel&#8217;s, and other critics&#8217; use of the term, which was first used in the Renaissance to characterize Roman wall painting.<\/p>\n<p>Seelig says that after\u00a0tonality has been &#8220;neglected if not completely dropped&#8221; (&#8220;bereits zur\u00fcckgedr\u00e4ngt oder gar \u00fcberwunden,&#8221; which could also be rendered &#8220;suppressed if not entirely overcome&#8221;), composers are &#8220;no longer satisfied by the merely beautiful in music.&#8221; Seelig presents a succinct theory of the &#8220;grotesque effect&#8221;: he says it is &#8220;generally\u2026 attained by means of strong lights somewhat violently applied to characteristic lines, exaggerated by startling contrasts and thereby bringing about a distortion of the innate artistic harmony&#8221; (&#8220;das k\u00fcnstlerische Ebenmass launig verzerren&#8221;).<\/p>\n<p>These ideas of violence, strong contrasts, and distortion would be good starting points for an analysis of the style,\u00a0which has been noted in German works of the period between the wars. Bart\u00f3k and Stravinsky are Seelig&#8217;s examples; I would prefer to point to Shostakovich&#8217;s early works like the\u00a0<em>Preludes,<\/em> op. 34. Other traits are a dependence on folk motifs for their unusual rhythms and harmonies; a penchant for dissonant versions of\u00a0<em>fin-de-si\u00e8cle\u00a0<\/em>forms like waltzes (that would also be an example of &#8220;distortion&#8221;); and an interest, or weakness, for program music and intentionally overly vivid themes. The &#8220;violence&#8221; and &#8220;strong contrasts&#8221; Seelig mentions take various forms: quick alternations of tempi; equally quick alternations of\u00a0pitches from the far ends of the keyboard; very fast changes from <em>ff<\/em> to <em>pp<\/em>, and from staccato marches to legato\u00a0<em>espressivo<\/em> passages. Key changes are abrupt and distant, rather than continuously wandering as in late Reger. The music often seems enervated, nervous, restive, anxious, unsure, and emotionally unstable\u2014nostalgic and then savage, deeply melancholic and then implausibly bright.<\/p>\n<p>The reprint has a reproduction of a Schiele on the cover. It is interesting to speculate whether the original edition would have\u00a0done the same, if it had been the custom then to put fine art on the covers of music publications (it wasn&#8217;t). Is the &#8220;grotesque&#8221; style the musical equivalent of Austrian expressionism? To some degree, the movements fit, especially where the composers are audibly chafing against academic and popular styles, or where they turn ostentatiously to the &#8220;cruder&#8221; forms and structures of folk music.\u00a0But I don&#8217;t see a visual analogue to the flighty changes of pace and mood that suddenly turn\u00a0<em>legato<\/em> passages into\u00a0<em>staccato<\/em> ones, or add filigrees of 64th notes to waltz themes, or leap into 15va passages. That kind of skittishness is technically accomplished and sometimes very delicate, and has little to do with the overall force and violence of early Schiele, for example.\u00a0For me, the\u00a0<em>Grotesk<\/em> style is only musical, and is different from visual expressionism.<\/p>\n<p>Some notes on the individual pieces:<\/p>\n<p>1. Bart\u00f3k,\u00a0<em>Zwei Improvisationen<\/em><\/p>\n<p>These are nos. 2 and 8 of Bart\u00f3k&#8217;s Op. 20. Seelig&#8217;s choice is interesting, because other pieces in Op. 20 would seem to have as much, or more, &#8220;grotesqueness&#8221; about them. (Nos. 4 and 6, for example, are quite &#8220;grotesque,&#8221; with skittish ornaments and crossing melody lines.)<\/p>\n<p>2. Wilhelm Grosz (1894-1939),\u00a0<em>Walzer\u00a0<\/em>and\u00a0<em>Polka<\/em><\/p>\n<p>The first of the two\u00a0is one of the less enervated or enervating pieces in the collection, with a steady rhythm and lyricism. Grosz&#8217;s later more popular style can be seen here, and also in his\u00a0<em>Tanzsuite\u00a0<\/em>(1922) which is in imslp.com. (Excerpt below.)<\/p>\n<p><a href=\"http:\/\/www.jameselkins.com\/pianofiles\/wp-content\/uploads\/2014\/09\/Gort-3.jpg\"><img loading=\"lazy\" class=\"alignnone wp-image-111 size-large\" src=\"http:\/\/www.jameselkins.com\/pianofiles\/wp-content\/uploads\/2014\/09\/Gort-3-780x1024.jpg\" alt=\"Gort 3\" width=\"474\" height=\"622\" srcset=\"http:\/\/www.jameselkins.com\/pianofiles\/wp-content\/uploads\/2014\/09\/Gort-3-780x1024.jpg 780w, http:\/\/www.jameselkins.com\/pianofiles\/wp-content\/uploads\/2014\/09\/Gort-3-228x300.jpg 228w\" sizes=\"(max-width: 474px) 100vw, 474px\" \/><\/a><\/p>\n<p>3. Alois H\u00e1ba,\u00a0<em>Zwei groteske St\u00fccke<\/em><\/p>\n<p>H\u00e1ba became known as a composer of microtonal pieces, including a quarter-tone piano sonata and an opera. At the time Seelig collected his anthology, H\u00e1ba had just finished studying at the\u00a0Imperial Academy of Music and the Performing Arts in Vienna. The first of the two pieces here is an interesting bare melodic study, like a recitative, that intermittently breaks into march\u00a0rhythms.<\/p>\n<p>4. Ernst K\u0159enek (1900-1991),\u00a0<em>Tanzstudie<\/em><\/p>\n<p>This album was compiled the same year\u00a0K\u0159enek completed Schubert&#8217;s\u00a0<em>Reliquie<\/em> sonata, a year before Alma Mahler asked him to complete Mahler&#8217;s tenth symphony, and a year after he discovered atonality. It is therefore on the cusp between his late romantic early style, which prompted the two commissions, and his atonal style of the early 1920s. (Quickly supplanted by Stravinskian neoclassicism.)<\/p>\n<p>5. Felix Petyrek (1892-1951),\u00a0<em>Excentric, Wurstelprater,<\/em> and\u00a0<em>Der offizielle Empfang<\/em><\/p>\n<p>YouTube has a performance of his third piano sonata, and there\u00a0is also a recording of his\u00a0piano music (&#8220;Felix Petyrek [1892-1951]: Klavierwerke,&#8221; played by Kolja Lessing, on the\u00a0Abseits label), but Petyrek is mostly forgotten.\u00a0<em>The Official Reception<\/em> is program music, with a whimsical appearance of a car, which disappears in the end of the piece (&#8220;Hier verschwindet das Auto um die Ecke&#8221;)\u2014see jpegs below.<\/p>\n<p><a href=\"http:\/\/www.jameselkins.com\/pianofiles\/wp-content\/uploads\/2014\/09\/Grot-8.jpg\"><img loading=\"lazy\" class=\"alignnone wp-image-115 size-large\" src=\"http:\/\/www.jameselkins.com\/pianofiles\/wp-content\/uploads\/2014\/09\/Grot-8-935x1024.jpg\" alt=\"Grot 8\" width=\"474\" height=\"519\" srcset=\"http:\/\/www.jameselkins.com\/pianofiles\/wp-content\/uploads\/2014\/09\/Grot-8-935x1024.jpg 935w, http:\/\/www.jameselkins.com\/pianofiles\/wp-content\/uploads\/2014\/09\/Grot-8-274x300.jpg 274w\" sizes=\"(max-width: 474px) 100vw, 474px\" \/><\/a><\/p>\n<p><a href=\"http:\/\/www.jameselkins.com\/pianofiles\/wp-content\/uploads\/2014\/09\/Grot-1.jpg\"><img loading=\"lazy\" class=\"alignnone wp-image-112 size-large\" src=\"http:\/\/www.jameselkins.com\/pianofiles\/wp-content\/uploads\/2014\/09\/Grot-1-809x1024.jpg\" alt=\"Grot 1\" width=\"474\" height=\"599\" srcset=\"http:\/\/www.jameselkins.com\/pianofiles\/wp-content\/uploads\/2014\/09\/Grot-1-809x1024.jpg 809w, http:\/\/www.jameselkins.com\/pianofiles\/wp-content\/uploads\/2014\/09\/Grot-1-237x300.jpg 237w\" sizes=\"(max-width: 474px) 100vw, 474px\" \/><\/a><\/p>\n<p>6. Karl [Karol] Rathaus (1895-1954),\u00a0<em>Zwei kleine Klavierst\u00fccke<\/em><\/p>\n<p>At the time Seelig assembled this collection, Rathaus was already in Berlin, so\u00a0he is one of the few composers here who wouldn&#8217;t have been\u00a0in Seelig&#8217;s circles in Vienna. Like several other composers in this collection, his work was later proscribed as &#8220;degenerate.&#8221; (He has recently been championed by the pianist Vladimir Stoupel.)<\/p>\n<p>7. Rudolf R\u00e9ti (1885-1957),\u00a0<em>Aus &#8220;Terrassen,&#8221;\u00a0<\/em>Op. 2, n. 3<\/p>\n<p>This is one of the most difficult pieces in the collection, precisely because it is one of the most &#8220;grotesque&#8221;: it is full of jumps between registers and quick notes (up to sixty-fourth notes in 11-note groups) that all keep to the 3\/8 mock waltz time. It&#8217;s interesting to compare this with R\u00e9ti&#8217;s theory of the unchanging &#8220;inner essence&#8221; and changing &#8220;outer appearance&#8221; of a musical composition, which is sketched on <a href=\"http:\/\/en.wikipedia.org\/wiki\/Rudolph_Reti\">Wikipedia<\/a>.\u00a0(Two excerpts below.)<\/p>\n<p><a href=\"http:\/\/www.jameselkins.com\/pianofiles\/wp-content\/uploads\/2014\/09\/Grot-2.jpg\"><img loading=\"lazy\" class=\"alignnone wp-image-113 size-large\" src=\"http:\/\/www.jameselkins.com\/pianofiles\/wp-content\/uploads\/2014\/09\/Grot-2-923x1024.jpg\" alt=\"Grot 2\" width=\"474\" height=\"525\" srcset=\"http:\/\/www.jameselkins.com\/pianofiles\/wp-content\/uploads\/2014\/09\/Grot-2-923x1024.jpg 923w, http:\/\/www.jameselkins.com\/pianofiles\/wp-content\/uploads\/2014\/09\/Grot-2-270x300.jpg 270w\" sizes=\"(max-width: 474px) 100vw, 474px\" \/><\/a><\/p>\n<p><a href=\"http:\/\/www.jameselkins.com\/pianofiles\/wp-content\/uploads\/2014\/09\/Grot-5.jpg\"><img loading=\"lazy\" class=\"alignnone wp-image-114 size-large\" src=\"http:\/\/www.jameselkins.com\/pianofiles\/wp-content\/uploads\/2014\/09\/Grot-5-913x1024.jpg\" alt=\"Grot 5\" width=\"474\" height=\"531\" srcset=\"http:\/\/www.jameselkins.com\/pianofiles\/wp-content\/uploads\/2014\/09\/Grot-5-913x1024.jpg 913w, http:\/\/www.jameselkins.com\/pianofiles\/wp-content\/uploads\/2014\/09\/Grot-5-267x300.jpg 267w\" sizes=\"(max-width: 474px) 100vw, 474px\" \/><\/a><\/p>\n<p>8. Egon Wellesz, <i>Burleske,<\/i> Op. 11, n. 3<\/p>\n<p>One of the best pieces in the collection. It alternates, in an indecisive fashion, between four passages, any one of which could have provided material for the whole three-page composition: am unharmonized line that degenerates and dies, a set of staccato chords, the beginning of a romantic-style melody \u00e0 la Saint-Sa\u00ebns, and a dissonant march in 2\/4.\u00a0\u00a0It doesn&#8217;t show traces of the fact that Wellesz\u00a0was supposedly Schoenberg&#8217;s first private student, and it doesn&#8217;t especially echo K\u0159enek, to whom Wellesz\u00a0has been compared; its echoes are more the Bart\u00f3k of the period around Op. 14.<\/p>\n<p><a href=\"http:\/\/www.jameselkins.com\/pianofiles\/wp-content\/uploads\/2014\/09\/Wellez.jpg\"><img loading=\"lazy\" class=\"alignnone wp-image-116 size-large\" src=\"http:\/\/www.jameselkins.com\/pianofiles\/wp-content\/uploads\/2014\/09\/Wellez-798x1024.jpg\" alt=\"Wellez\" width=\"474\" height=\"608\" srcset=\"http:\/\/www.jameselkins.com\/pianofiles\/wp-content\/uploads\/2014\/09\/Wellez-798x1024.jpg 798w, http:\/\/www.jameselkins.com\/pianofiles\/wp-content\/uploads\/2014\/09\/Wellez-233x300.jpg 233w\" sizes=\"(max-width: 474px) 100vw, 474px\" \/><\/a><\/p>\n","protected":false},"excerpt":{"rendered":"<p>There isn&#8217;t much about this very interesting collection that isn&#8217;t extremely obscure. I bought the English-language reprint, Grotesque Album for &hellip;<\/p>\n","protected":false},"author":1,"featured_media":0,"parent":0,"menu_order":0,"comment_status":"closed","ping_status":"closed","template":"","meta":[],"_links":{"self":[{"href":"http:\/\/www.jameselkins.com\/pianofiles\/wp-json\/wp\/v2\/pages\/436"}],"collection":[{"href":"http:\/\/www.jameselkins.com\/pianofiles\/wp-json\/wp\/v2\/pages"}],"about":[{"href":"http:\/\/www.jameselkins.com\/pianofiles\/wp-json\/wp\/v2\/types\/page"}],"author":[{"embeddable":true,"href":"http:\/\/www.jameselkins.com\/pianofiles\/wp-json\/wp\/v2\/users\/1"}],"replies":[{"embeddable":true,"href":"http:\/\/www.jameselkins.com\/pianofiles\/wp-json\/wp\/v2\/comments?post=436"}],"version-history":[{"count":2,"href":"http:\/\/www.jameselkins.com\/pianofiles\/wp-json\/wp\/v2\/pages\/436\/revisions"}],"predecessor-version":[{"id":438,"href":"http:\/\/www.jameselkins.com\/pianofiles\/wp-json\/wp\/v2\/pages\/436\/revisions\/438"}],"wp:attachment":[{"href":"http:\/\/www.jameselkins.com\/pianofiles\/wp-json\/wp\/v2\/media?parent=436"}],"curies":[{"name":"wp","href":"https:\/\/api.w.org\/{rel}","templated":true}]}}